{"id":8883,"date":"2020-05-13T17:21:39","date_gmt":"2020-05-13T17:21:39","guid":{"rendered":"https:\/\/abiboo.com\/?page_id=8883"},"modified":"2024-07-09T23:57:08","modified_gmt":"2024-07-09T23:57:08","slug":"contacto","status":"publish","type":"page","link":"https:\/\/abiboo.com\/es\/contacto\/","title":{"rendered":"Contacto"},"content":{"rendered":"\n\t<section class=\"section\" id=\"section_1126181539\">\r\n\t\t<div class=\"bg section-bg fill bg-fill bg-loaded bg-loaded\" >\r\n\r\n\t\t\t\r\n\t\t\t\r\n\t\t\t\r\n\r\n\t\t<\/div><!-- .section-bg -->\r\n\r\n\t\t<div class=\"section-content relative\">\r\n\t\t\t\n\n\t<div id=\"gap-1444735484\" class=\"gap-element clearfix\" style=\"display:block; height:auto;\">\r\n\t\t\n<style scope=\"scope\">\n\n#gap-1444735484 {\n  padding-top: 25px;\n}\n<\/style>\n\t<\/div>\r\n\t\n\n<div class=\"row align-bottom\"  id=\"row-359205069\">\n\n<div class=\"col medium-3 small-12 large-3\"  ><div class=\"col-inner\"  >\n\n\r\n  <div class=\"banner has-hover roundedges\" id=\"banner-1024809643\">\r\n          <div class=\"banner-inner fill\">\r\n        <div class=\"banner-bg fill\" >\r\n            <div class=\"bg fill bg-fill bg-loaded\"><\/div>\r\n                                    \r\n                    <\/div><!-- bg-layers -->\r\n        <div class=\"banner-layers container\">\r\n            <div class=\"fill banner-link\"><\/div>            \n\n   <div id=\"text-box-1765809454\" class=\"text-box banner-layer x50 md-x50 lg-x50 y95 md-y95 lg-y95 res-text\">\r\n                                <div class=\"text \">\r\n              \r\n              <div class=\"text-inner text-left\">\r\n                  \n\n<p><span style=\"font-family: opensans-semibold;\">Espa\u00f1a<\/span><br \/>C\/ Alonso Cano 49<br \/>Madrid, 28003<\/p>\n\n              <\/div>\r\n           <\/div><!-- text-box-inner -->\r\n                            \n<style scope=\"scope\">\n\n#text-box-1765809454 .text {\n  background-color: rgba(255, 255, 255, 0.8);\n  border-radius: 15px;\n  font-size: 100%;\n}\n#text-box-1765809454 .text-inner {\n  padding: 0px 20px 0px 20px;\n}\n#text-box-1765809454 {\n  width: 80%;\n}\n<\/style>\n    <\/div><!-- text-box -->\r\n \n\n        <\/div><!-- .banner-layers -->\r\n      <\/div><!-- .banner-inner -->\r\n\r\n            \n<style scope=\"scope\">\n\n#banner-1024809643 {\n  padding-top: 275px;\n  background-color: rgb(255,255,255);\n}\n#banner-1024809643 .bg.bg-loaded {\n  background-image: url(https:\/\/abiboo.com\/wp-content\/uploads\/2020\/01\/ABIBOO_Contact_01-1024x682.jpg);\n}\n<\/style>\n  <\/div><!-- .banner -->\r\n\r\n\n\n<\/div><\/div>\n<div class=\"col medium-3 small-12 large-3\"  ><div class=\"col-inner\"  >\n\n\r\n  <div class=\"banner has-hover roundedges\" id=\"banner-2090370574\">\r\n          <div class=\"banner-inner fill\">\r\n        <div class=\"banner-bg fill\" >\r\n            <div class=\"bg fill bg-fill bg-loaded\"><\/div>\r\n                                    \r\n                    <\/div><!-- bg-layers -->\r\n        <div class=\"banner-layers container\">\r\n            <div class=\"fill banner-link\"><\/div>            \n\n   <div id=\"text-box-1564556316\" class=\"text-box banner-layer x50 md-x50 lg-x50 y95 md-y95 lg-y95 res-text\">\r\n                                <div class=\"text \">\r\n              \r\n              <div class=\"text-inner text-left\">\r\n                  \n\n<p><span style=\"font-family: opensans-semibold;\">EE.UU.<\/span><br \/>221 River Street #9<br \/>Hoboken, NJ, 07030<\/p>\n\n              <\/div>\r\n           <\/div><!-- text-box-inner -->\r\n                            \n<style scope=\"scope\">\n\n#text-box-1564556316 .text {\n  background-color: rgba(255, 255, 255, 0.8);\n  border-radius: 15px;\n  font-size: 100%;\n}\n#text-box-1564556316 .text-inner {\n  padding: 0px 20px 0px 20px;\n}\n#text-box-1564556316 {\n  width: 80%;\n}\n<\/style>\n    <\/div><!-- text-box -->\r\n \n\n        <\/div><!-- .banner-layers -->\r\n      <\/div><!-- .banner-inner -->\r\n\r\n            \n<style scope=\"scope\">\n\n#banner-2090370574 {\n  padding-top: 275px;\n  background-color: rgb(255,255,255);\n}\n#banner-2090370574 .bg.bg-loaded {\n  background-image: url(https:\/\/abiboo.com\/wp-content\/uploads\/2019\/11\/AbibooArchitecture_AlfredoMu-noz_Alfredo-Mu\u00f1oz_newyork-LQ.jpg);\n}\n<\/style>\n  <\/div><!-- .banner -->\r\n\r\n\n\n<\/div><\/div>\n<div class=\"col medium-3 small-12 large-3\"  ><div class=\"col-inner\"  >\n\n\r\n  <div class=\"banner has-hover roundedges\" id=\"banner-1559745351\">\r\n          <div class=\"banner-inner fill\">\r\n        <div class=\"banner-bg fill\" >\r\n            <div class=\"bg fill bg-fill bg-loaded\"><\/div>\r\n                                    \r\n                    <\/div><!-- bg-layers -->\r\n        <div class=\"banner-layers container\">\r\n            <div class=\"fill banner-link\"><\/div>            \n\n   <div id=\"text-box-29219405\" class=\"text-box banner-layer x50 md-x50 lg-x50 y95 md-y95 lg-y95 res-text\">\r\n                                <div class=\"text \">\r\n              \r\n              <div class=\"text-inner text-left\">\r\n                  \n\n<p><span style=\"font-family: opensans-semibold;\">EE.UU.<\/span><br \/>1680 Michigan Avenue\u00a0<br \/>Miami Beach, FL, 33139<\/p>\n\n              <\/div>\r\n           <\/div><!-- text-box-inner -->\r\n                            \n<style scope=\"scope\">\n\n#text-box-29219405 .text {\n  background-color: rgba(255, 255, 255, 0.8);\n  border-radius: 15px;\n  font-size: 100%;\n}\n#text-box-29219405 .text-inner {\n  padding: 0px 20px 0px 20px;\n}\n#text-box-29219405 {\n  width: 80%;\n}\n<\/style>\n    <\/div><!-- text-box -->\r\n \n\n        <\/div><!-- .banner-layers -->\r\n      <\/div><!-- .banner-inner -->\r\n\r\n            \n<style scope=\"scope\">\n\n#banner-1559745351 {\n  padding-top: 275px;\n  background-color: rgb(255,255,255);\n}\n#banner-1559745351 .bg.bg-loaded {\n  background-image: url(https:\/\/abiboo.com\/wp-content\/uploads\/2020\/05\/ABIBOO_Contact_04-1024x576.jpg);\n}\n<\/style>\n  <\/div><!-- .banner -->\r\n\r\n\n\n<\/div><\/div>\n<div class=\"col medium-3 small-12 large-3\"  ><div class=\"col-inner\"  >\n\n\r\n  <div class=\"banner has-hover roundedges\" id=\"banner-766343066\">\r\n          <div class=\"banner-inner fill\">\r\n        <div class=\"banner-bg fill\" >\r\n            <div class=\"bg fill bg-fill bg-loaded\"><\/div>\r\n                                    \r\n                    <\/div><!-- bg-layers -->\r\n        <div class=\"banner-layers container\">\r\n            <div class=\"fill banner-link\"><\/div>            \n\n   <div id=\"text-box-2074305130\" class=\"text-box banner-layer x50 md-x50 lg-x50 y95 md-y95 lg-y95 res-text\">\r\n                                <div class=\"text \">\r\n              \r\n              <div class=\"text-inner text-left\">\r\n                  \n\n<p><span style=\"font-family: opensans-semibold;\">India<\/span><br \/>12\/1 Main Road<br \/>Chennai, 600034<\/p>\n\n              <\/div>\r\n           <\/div><!-- text-box-inner -->\r\n                            \n<style scope=\"scope\">\n\n#text-box-2074305130 .text {\n  background-color: rgba(255, 255, 255, 0.8);\n  border-radius: 15px;\n  font-size: 100%;\n}\n#text-box-2074305130 .text-inner {\n  padding: 0px 20px 0px 20px;\n}\n#text-box-2074305130 {\n  width: 80%;\n}\n<\/style>\n    <\/div><!-- text-box -->\r\n \n\n        <\/div><!-- .banner-layers -->\r\n      <\/div><!-- .banner-inner -->\r\n\r\n            \n<style scope=\"scope\">\n\n#banner-766343066 {\n  padding-top: 275px;\n  background-color: rgb(255,255,255);\n}\n#banner-766343066 .bg.bg-loaded {\n  background-image: url(https:\/\/abiboo.com\/wp-content\/uploads\/2019\/12\/ABIBOO_Contact_03-1024x681.jpg);\n}\n<\/style>\n  <\/div><!-- .banner -->\r\n\r\n\n\n<\/div><\/div>\n\n\n<style scope=\"scope\">\n\n<\/style>\n<\/div>\n<span class=\"scroll-to\" data-label=\"Scroll to: #contactform\" data-bullet=\"false\" data-link=\"#contactform\" data-title=\"contactform\"><a name=\"contactform\"><\/a><\/span>\n\n\n\t\t<\/div><!-- .section-content -->\r\n\r\n\t\t\n<style scope=\"scope\">\n\n#section_1126181539 {\n  padding-top: 35px;\n  padding-bottom: 35px;\n}\n<\/style>\n\t<\/section>\r\n\t\n\t<section class=\"section\" id=\"section_734441504\">\r\n\t\t<div class=\"bg section-bg fill bg-fill bg-loaded bg-loaded\" >\r\n\r\n\t\t\t\r\n\t\t\t\r\n\t\t\t\r\n\r\n\t\t<\/div><!-- .section-bg -->\r\n\r\n\t\t<div class=\"section-content relative\">\r\n\t\t\t\n\n<div class=\"row\"  id=\"row-755815131\">\n\n<div class=\"col medium-6 small-12 large-6\"  ><div class=\"col-inner dark\"  >\n\n<p><strong>NOS ENCANTAR\u00cdA TRABAJAR JUNTOS&#8230;<\/strong><\/p>\n<p data-line-height=\"xs\">Cont\u00e1ctenos:<\/p>\n<p data-line-height=\"xs\">Email:<strong> <a href=\"mailto:info@abiboo.com\">info@abiboo.com<\/a><\/strong><\/p>\n<p data-line-height=\"xs\">Tel\u00e9fono Estados Unidos. Noreste:<strong> <a href=\"callto:+1.201.479.3780\">+1.201.479.3780<\/a><\/strong><\/p>\n<p data-line-height=\"xs\">Tel\u00e9fono Estados Unidos. Sureste:<strong> <a href=\"callto:+1.305.749.5590\">+1.305.749.5590<\/a><\/strong><\/p>\n<p data-line-height=\"xs\">Tel\u00e9fono Espa\u00f1a:<strong> <a href=\"callto:+34.91.198.0950\">+34.91.198.0950<\/a><\/strong><\/p>\n<p data-line-height=\"xs\">Fax: +1.201.526.0462<\/p>\n\n\t\t<a href=\"http:\/\/abiboo.com\/es\/download\/3509\/?tmstv=1776680107\" class=\"dlm-buttons-button dlm-buttons-button-new-one\" style=\"display:block;padding:.75em 1em;text-align:center;text-decoration:none;border: 1px solid #ffffff;border-radius:10px;font-family:Helvetica;font-size:16px;color:#ffffff;background:#010101;background: linear-gradient(to bottom, #010101,#010101);\"><strong>Descargar Folleto<\/strong><\/a>\n\t\t\n\n<\/div><\/div>\n<div class=\"col medium-6 small-12 large-6\"  ><div class=\"col-inner\"  >\n\n\n<div class=\"wpcf7 no-js\" id=\"wpcf7-f3362-o1\" lang=\"en-US\" dir=\"ltr\" data-wpcf7-id=\"3362\">\n<div class=\"screen-reader-response\"><p role=\"status\" aria-live=\"polite\" aria-atomic=\"true\"><\/p> <ul><\/ul><\/div>\n<form action=\"\/es\/wp-json\/wp\/v2\/pages\/8883#wpcf7-f3362-o1\" method=\"post\" class=\"wpcf7-form init\" aria-label=\"Contact form\" novalidate=\"novalidate\" data-status=\"init\">\n<fieldset class=\"hidden-fields-container\"><input type=\"hidden\" name=\"_wpcf7\" value=\"3362\" \/><input type=\"hidden\" name=\"_wpcf7_version\" value=\"6.1.5\" \/><input type=\"hidden\" name=\"_wpcf7_locale\" value=\"en_US\" \/><input type=\"hidden\" name=\"_wpcf7_unit_tag\" value=\"wpcf7-f3362-o1\" \/><input type=\"hidden\" name=\"_wpcf7_container_post\" value=\"0\" \/><input type=\"hidden\" name=\"_wpcf7_posted_data_hash\" value=\"\" \/><input type=\"hidden\" name=\"_wpcf7_recaptcha_response\" value=\"\" \/>\n<\/fieldset>\n<p><span class=\"wpcf7-form-control-wrap\" data-name=\"your-name\"><input size=\"40\" maxlength=\"400\" class=\"wpcf7-form-control wpcf7-text wpcf7-validates-as-required\" id=\"block1\" aria-required=\"true\" aria-invalid=\"false\" placeholder=\"nombre\" value=\"\" type=\"text\" name=\"your-name\" \/><\/span>\n<\/p>\n<p><span class=\"wpcf7-form-control-wrap\" data-name=\"your-email\"><input size=\"40\" maxlength=\"400\" class=\"wpcf7-form-control wpcf7-email wpcf7-validates-as-required wpcf7-text wpcf7-validates-as-email\" id=\"block2\" aria-required=\"true\" aria-invalid=\"false\" placeholder=\"direcci\u00f3n de correo electr\u00f3nico\" value=\"\" type=\"email\" name=\"your-email\" \/><\/span>\n<\/p>\n<p><span class=\"wpcf7-form-control-wrap\" data-name=\"tel-221\"><input size=\"40\" maxlength=\"400\" class=\"wpcf7-form-control wpcf7-tel wpcf7-validates-as-required wpcf7-text wpcf7-validates-as-tel\" id=\"block3\" aria-required=\"true\" aria-invalid=\"false\" placeholder=\"n\u00famero de tel\u00e9fono (incluido el c\u00f3digo internacional)\" value=\"\" type=\"tel\" name=\"tel-221\" \/><\/span>\n<\/p>\n<p><span class=\"wpcf7-form-control-wrap\" data-name=\"text-224\"><input size=\"40\" maxlength=\"400\" class=\"wpcf7-form-control wpcf7-text wpcf7-validates-as-required\" aria-required=\"true\" aria-invalid=\"false\" placeholder=\"pa\u00eds\" value=\"\" type=\"text\" name=\"text-224\" \/><\/span>\n<\/p>\n<p><span class=\"wpcf7-form-control-wrap\" data-name=\"your-message\"><textarea cols=\"40\" rows=\"10\" maxlength=\"2000\" class=\"wpcf7-form-control wpcf7-textarea\" id=\"block4\" aria-invalid=\"false\" placeholder=\"mensaje\" name=\"your-message\"><\/textarea><\/span>\n<\/p>\n<p><input class=\"wpcf7-form-control wpcf7-submit has-spinner\" id=\"block5\" type=\"submit\" value=\"Crear\" \/>\n<\/p><p style=\"display: none !important;\" class=\"akismet-fields-container\" data-prefix=\"_wpcf7_ak_\"><label>&#916;<textarea name=\"_wpcf7_ak_hp_textarea\" cols=\"45\" rows=\"8\" maxlength=\"100\"><\/textarea><\/label><input type=\"hidden\" id=\"ak_js_1\" name=\"_wpcf7_ak_js\" value=\"198\"\/><script>document.getElementById( \"ak_js_1\" ).setAttribute( \"value\", ( new Date() ).getTime() );<\/script><\/p><div class=\"wpcf7-response-output\" aria-hidden=\"true\"><\/div>\n<\/form>\n<\/div>\n\n\n\t<div id=\"gap-1198525728\" class=\"gap-element clearfix\" style=\"display:block; height:auto;\">\r\n\t\t\n<style scope=\"scope\">\n\n#gap-1198525728 {\n  padding-top: 16px;\n}\n<\/style>\n\t<\/div>\r\n\t\n\n\n<\/div><\/div>\n\n\n<style scope=\"scope\">\n\n#row-755815131 > .col > .col-inner {\n  padding: 50px 0px 0px 0px;\n}\n<\/style>\n<\/div>\n\n\t\t<\/div><!-- .section-content -->\r\n\r\n\t\t\n<style scope=\"scope\">\n\n#section_734441504 {\n  padding-top: 30px;\n  padding-bottom: 30px;\n  background-color: rgb(1, 1, 1);\n}\n<\/style>\n\t<\/section>\r\n\t\n\n\t<section class=\"section\" id=\"section_1247648077\">\r\n\t\t<div class=\"bg section-bg fill bg-fill bg-loaded bg-loaded\" >\r\n\r\n\t\t\t\r\n\t\t\t\r\n\t\t\t\r\n\r\n\t\t<\/div><!-- .section-bg -->\r\n\r\n\t\t<div class=\"section-content relative\">\r\n\t\t\t\n\n<div class=\"row\"  id=\"row-154740688\">\n\n<div class=\"col small-12 large-12\"  ><div class=\"col-inner\"  >\n\n<h1><span style=\"text-decoration: underline;\">Cont\u00e1ctenos<\/span><\/h1>\n<p><strong>PRENSA:<\/strong><br \/>Si est\u00e1 interesado en publicar el trabajo de ABIBOO Studio, p\u00f3ngase en contacto con nosotros enviando un correo electr\u00f3nico a <span style=\"text-decoration: underline;\"><a href=\"mailto:media@abiboo.com\">media@abiboo.com<\/a><\/span>, indicando su organizaci\u00f3n, los proyectos que le gustar\u00eda publicar y otros detalles que considere relevantes.<\/p>\n<p><strong>FORMAR PARTE DE ABIBOO:<\/strong><br \/>Para oportunidades de trabajo y pr\u00e1cticas, env\u00ede su portfolio en ingl\u00e9s en un \u00fanico PDF no editable y con un tama\u00f1o m\u00e1ximo por correo electr\u00f3nico de 3 MB, al email <span style=\"text-decoration: underline;\"><a href=\"mailto:jobs@abiboo.com\">jobs@abiboo.com<\/a><\/span>.<\/p>\n<p><strong>COMUNIDAD:<\/strong><br \/>Puede seguir el legado de ABIBOO y algunas de nuestras influencias visitando la secci\u00f3n de <a href=\"http:\/\/abiboo.com\/think-tank\/\" target=\"_blank\" rel=\"noopener noreferrer\">ABIBOO\u2019s Think Tank.<\/a><\/p>\n<p style=\"margin-bottom: 0;\"><strong>OPORTUNIDADES DE COMPROMISO SOCIAL:<\/strong><br \/>Si desea que le ayudemos con un proyecto filantr\u00f3pico, env\u00edenos un correo electr\u00f3nico con el asunto \u00abCompromiso social\u00bb. Adjunte un PDF explicando el proyecto, un resumen biogr\u00e1fico de las personas involucradas, el calendario y los recursos humanos y\/o financieros que necesitar\u00eda por nuestra parte. Puede enviar esta informaci\u00f3n a <span style=\"text-decoration: underline;\"><a href=\"mailto:philanthropy@abiboo.com\">philanthropy@abiboo.com<\/a><\/span>.<\/p>\n\n<\/div><\/div>\n\n\n<style scope=\"scope\">\n\n#row-154740688 > .col > .col-inner {\n  padding: 40px 0px 0px 0px;\n}\n<\/style>\n<\/div>\n\n\t\t<\/div><!-- .section-content -->\r\n\r\n\t\t\n<style scope=\"scope\">\n\n#section_1247648077 {\n  padding-top: 30px;\n  padding-bottom: 30px;\n}\n<\/style>\n\t<\/section>\r\n\t\n\n","protected":false},"excerpt":{"rendered":"","protected":false},"author":3,"featured_media":0,"parent":0,"menu_order":0,"comment_status":"closed","ping_status":"closed","template":"page-blank.php","meta":{"footnotes":""},"class_list":["post-8883","page","type-page","status-publish","hentry"],"yoast_head":"<!-- This site is optimized with the Yoast SEO plugin v27.4 - https:\/\/yoast.com\/product\/yoast-seo-wordpress\/ -->\n<title>Estudio Arquitectura Madrid &#8226; Arquitecto Espa\u00f1ol &#8226; ABIBOO Studio<\/title>\n<meta name=\"description\" content=\"ABIBOO Studio es un Estudio de Arquitectura Internacional con presencia en Madrid. De la mano de un reconocido Arquitecto Espa\u00f1ol, ABIBOO dise\u00f1a desde ciudades enteras hasta peque\u00f1as viviendas.\" \/>\n<meta name=\"robots\" content=\"index, follow, max-snippet:-1, max-image-preview:large, max-video-preview:-1\" \/>\n<link rel=\"canonical\" href=\"https:\/\/abiboo.com\/es\/contacto\/\" \/>\n<meta property=\"og:locale\" content=\"es_ES\" \/>\n<meta property=\"og:type\" content=\"article\" \/>\n<meta property=\"og:title\" content=\"Estudio Arquitectura Madrid &#8226; Arquitecto Espa\u00f1ol &#8226; ABIBOO Studio\" \/>\n<meta property=\"og:description\" content=\"ABIBOO Studio es un Estudio de Arquitectura Internacional con presencia en Madrid. De la mano de un reconocido Arquitecto Espa\u00f1ol, ABIBOO dise\u00f1a desde ciudades enteras hasta peque\u00f1as viviendas.\" \/>\n<meta property=\"og:url\" content=\"https:\/\/abiboo.com\/es\/contacto\/\" \/>\n<meta property=\"og:site_name\" content=\"ABIBOO Studio\" \/>\n<meta property=\"article:publisher\" content=\"https:\/\/www.facebook.com\/ABIBOOStudio\/\" \/>\n<meta property=\"article:modified_time\" content=\"2024-07-09T23:57:08+00:00\" \/>\n<meta name=\"twitter:card\" content=\"summary_large_image\" \/>\n<meta name=\"twitter:site\" content=\"@AbibooArchs\" \/>\n<meta name=\"twitter:label1\" content=\"Tiempo de lectura\" \/>\n\t<meta name=\"twitter:data1\" content=\"2 minutos\" \/>\n<script type=\"application\/ld+json\" class=\"yoast-schema-graph\">{\"@context\":\"https:\\\/\\\/schema.org\",\"@graph\":[{\"@type\":\"WebPage\",\"@id\":\"https:\\\/\\\/abiboo.com\\\/es\\\/contacto\\\/\",\"url\":\"https:\\\/\\\/abiboo.com\\\/es\\\/contacto\\\/\",\"name\":\"Estudio Arquitectura Madrid &#8226; Arquitecto Espa\u00f1ol &#8226; ABIBOO Studio\",\"isPartOf\":{\"@id\":\"https:\\\/\\\/abiboo.com\\\/es\\\/#website\"},\"datePublished\":\"2020-05-13T17:21:39+00:00\",\"dateModified\":\"2024-07-09T23:57:08+00:00\",\"description\":\"ABIBOO Studio es un Estudio de Arquitectura Internacional con presencia en Madrid. De la mano de un reconocido Arquitecto Espa\u00f1ol, ABIBOO dise\u00f1a desde ciudades enteras hasta peque\u00f1as viviendas.\",\"breadcrumb\":{\"@id\":\"https:\\\/\\\/abiboo.com\\\/es\\\/contacto\\\/#breadcrumb\"},\"inLanguage\":\"es\",\"potentialAction\":[{\"@type\":\"ReadAction\",\"target\":[\"https:\\\/\\\/abiboo.com\\\/es\\\/contacto\\\/\"]}]},{\"@type\":\"BreadcrumbList\",\"@id\":\"https:\\\/\\\/abiboo.com\\\/es\\\/contacto\\\/#breadcrumb\",\"itemListElement\":[{\"@type\":\"ListItem\",\"position\":1,\"name\":\"Home\",\"item\":\"https:\\\/\\\/abiboo.com\\\/es\\\/\"},{\"@type\":\"ListItem\",\"position\":2,\"name\":\"Contacto\"}]},{\"@type\":\"WebSite\",\"@id\":\"https:\\\/\\\/abiboo.com\\\/es\\\/#website\",\"url\":\"https:\\\/\\\/abiboo.com\\\/es\\\/\",\"name\":\"ABIBOO Studio\",\"description\":\"The Origin of Creativity\",\"publisher\":{\"@id\":\"https:\\\/\\\/abiboo.com\\\/es\\\/#organization\"},\"potentialAction\":[{\"@type\":\"SearchAction\",\"target\":{\"@type\":\"EntryPoint\",\"urlTemplate\":\"https:\\\/\\\/abiboo.com\\\/es\\\/?s={search_term_string}\"},\"query-input\":{\"@type\":\"PropertyValueSpecification\",\"valueRequired\":true,\"valueName\":\"search_term_string\"}}],\"inLanguage\":\"es\"},{\"@type\":\"Organization\",\"@id\":\"https:\\\/\\\/abiboo.com\\\/es\\\/#organization\",\"name\":\"ABIBOO\",\"url\":\"https:\\\/\\\/abiboo.com\\\/es\\\/\",\"logo\":{\"@type\":\"ImageObject\",\"inLanguage\":\"es\",\"@id\":\"https:\\\/\\\/abiboo.com\\\/es\\\/#\\\/schema\\\/logo\\\/image\\\/\",\"url\":\"https:\\\/\\\/abiboo.com\\\/wp-content\\\/uploads\\\/2020\\\/02\\\/Abiboo.ico\",\"contentUrl\":\"https:\\\/\\\/abiboo.com\\\/wp-content\\\/uploads\\\/2020\\\/02\\\/Abiboo.ico\",\"width\":16,\"height\":16,\"caption\":\"ABIBOO\"},\"image\":{\"@id\":\"https:\\\/\\\/abiboo.com\\\/es\\\/#\\\/schema\\\/logo\\\/image\\\/\"},\"sameAs\":[\"https:\\\/\\\/www.facebook.com\\\/ABIBOOStudio\\\/\",\"https:\\\/\\\/x.com\\\/AbibooArchs\",\"https:\\\/\\\/www.instagram.com\\\/abiboo_studio\\\/\",\"https:\\\/\\\/www.linkedin.com\\\/company\\\/abiboo\",\"https:\\\/\\\/www.youtube.com\\\/user\\\/abibooarchs\"]}]}<\/script>\n<!-- \/ Yoast SEO plugin. -->","yoast_head_json":{"title":"Estudio Arquitectura Madrid &#8226; Arquitecto Espa\u00f1ol &#8226; ABIBOO Studio","description":"ABIBOO Studio es un Estudio de Arquitectura Internacional con presencia en Madrid. De la mano de un reconocido Arquitecto Espa\u00f1ol, ABIBOO dise\u00f1a desde ciudades enteras hasta peque\u00f1as viviendas.","robots":{"index":"index","follow":"follow","max-snippet":"max-snippet:-1","max-image-preview":"max-image-preview:large","max-video-preview":"max-video-preview:-1"},"canonical":"https:\/\/abiboo.com\/es\/contacto\/","og_locale":"es_ES","og_type":"article","og_title":"Estudio Arquitectura Madrid &#8226; Arquitecto Espa\u00f1ol &#8226; ABIBOO Studio","og_description":"ABIBOO Studio es un Estudio de Arquitectura Internacional con presencia en Madrid. De la mano de un reconocido Arquitecto Espa\u00f1ol, ABIBOO dise\u00f1a desde ciudades enteras hasta peque\u00f1as viviendas.","og_url":"https:\/\/abiboo.com\/es\/contacto\/","og_site_name":"ABIBOO Studio","article_publisher":"https:\/\/www.facebook.com\/ABIBOOStudio\/","article_modified_time":"2024-07-09T23:57:08+00:00","twitter_card":"summary_large_image","twitter_site":"@AbibooArchs","twitter_misc":{"Tiempo de lectura":"2 minutos"},"schema":{"@context":"https:\/\/schema.org","@graph":[{"@type":"WebPage","@id":"https:\/\/abiboo.com\/es\/contacto\/","url":"https:\/\/abiboo.com\/es\/contacto\/","name":"Estudio Arquitectura Madrid &#8226; Arquitecto Espa\u00f1ol &#8226; ABIBOO Studio","isPartOf":{"@id":"https:\/\/abiboo.com\/es\/#website"},"datePublished":"2020-05-13T17:21:39+00:00","dateModified":"2024-07-09T23:57:08+00:00","description":"ABIBOO Studio es un Estudio de Arquitectura Internacional con presencia en Madrid. De la mano de un reconocido Arquitecto Espa\u00f1ol, ABIBOO dise\u00f1a desde ciudades enteras hasta peque\u00f1as viviendas.","breadcrumb":{"@id":"https:\/\/abiboo.com\/es\/contacto\/#breadcrumb"},"inLanguage":"es","potentialAction":[{"@type":"ReadAction","target":["https:\/\/abiboo.com\/es\/contacto\/"]}]},{"@type":"BreadcrumbList","@id":"https:\/\/abiboo.com\/es\/contacto\/#breadcrumb","itemListElement":[{"@type":"ListItem","position":1,"name":"Home","item":"https:\/\/abiboo.com\/es\/"},{"@type":"ListItem","position":2,"name":"Contacto"}]},{"@type":"WebSite","@id":"https:\/\/abiboo.com\/es\/#website","url":"https:\/\/abiboo.com\/es\/","name":"ABIBOO Studio","description":"The Origin of Creativity","publisher":{"@id":"https:\/\/abiboo.com\/es\/#organization"},"potentialAction":[{"@type":"SearchAction","target":{"@type":"EntryPoint","urlTemplate":"https:\/\/abiboo.com\/es\/?s={search_term_string}"},"query-input":{"@type":"PropertyValueSpecification","valueRequired":true,"valueName":"search_term_string"}}],"inLanguage":"es"},{"@type":"Organization","@id":"https:\/\/abiboo.com\/es\/#organization","name":"ABIBOO","url":"https:\/\/abiboo.com\/es\/","logo":{"@type":"ImageObject","inLanguage":"es","@id":"https:\/\/abiboo.com\/es\/#\/schema\/logo\/image\/","url":"https:\/\/abiboo.com\/wp-content\/uploads\/2020\/02\/Abiboo.ico","contentUrl":"https:\/\/abiboo.com\/wp-content\/uploads\/2020\/02\/Abiboo.ico","width":16,"height":16,"caption":"ABIBOO"},"image":{"@id":"https:\/\/abiboo.com\/es\/#\/schema\/logo\/image\/"},"sameAs":["https:\/\/www.facebook.com\/ABIBOOStudio\/","https:\/\/x.com\/AbibooArchs","https:\/\/www.instagram.com\/abiboo_studio\/","https:\/\/www.linkedin.com\/company\/abiboo","https:\/\/www.youtube.com\/user\/abibooarchs"]}]}},"wps_subtitle":"","_links":{"self":[{"href":"https:\/\/abiboo.com\/es\/wp-json\/wp\/v2\/pages\/8883","targetHints":{"allow":["GET"]}}],"collection":[{"href":"https:\/\/abiboo.com\/es\/wp-json\/wp\/v2\/pages"}],"about":[{"href":"https:\/\/abiboo.com\/es\/wp-json\/wp\/v2\/types\/page"}],"author":[{"embeddable":true,"href":"https:\/\/abiboo.com\/es\/wp-json\/wp\/v2\/users\/3"}],"replies":[{"embeddable":true,"href":"https:\/\/abiboo.com\/es\/wp-json\/wp\/v2\/comments?post=8883"}],"version-history":[{"count":0,"href":"https:\/\/abiboo.com\/es\/wp-json\/wp\/v2\/pages\/8883\/revisions"}],"wp:attachment":[{"href":"https:\/\/abiboo.com\/es\/wp-json\/wp\/v2\/media?parent=8883"}],"curies":[{"name":"wp","href":"https:\/\/api.w.org\/{rel}","templated":true}]}}